{"id":219,"date":"2018-04-09T13:34:18","date_gmt":"2018-04-09T18:34:18","guid":{"rendered":"https:\/\/www.cinemamoderne.com\/?page_id=219"},"modified":"2018-09-17T13:28:31","modified_gmt":"2018-09-17T18:28:31","slug":"credits","status":"publish","type":"page","link":"https:\/\/www.cinemamoderne.com\/en\/credits\/","title":{"rendered":"Credits"},"content":{"rendered":"<h3>Editor<\/h3>\n<p><strong>Cin\u00e9ma Moderne<br \/>\n<\/strong>5150, boulevard St-Laurent<br \/>\nMontreal, QC, H2T 1R8<\/p>\n<h3>Web Design &amp; Consulting<\/h3>\n<p><strong>Creatank<\/strong><a href=\"https:\/\/www.creatank.com\" target=\"_blank\" rel=\"noopener\"><strong><br \/>\n<\/strong><\/a><span id=\"result_box\" class=\"short_text\" lang=\"en\"><span class=\"\">Collaborative Web Agency<\/span><\/span><br \/>\nMontreal, QC, Canada<br \/>\n<a href=\"https:\/\/www.creatank.com\" target=\"_blank\" rel=\"noopener\"><strong>www.creatank.com<\/strong><\/a><\/p>\n<h3>Conception graphique<\/h3>\n<p><strong>ByHaus<\/strong><a href=\"https:\/\/www.creatank.com\" target=\"_blank\" rel=\"noopener\"><strong><br \/>\n<\/strong><\/a>B\u00e2tisseurs d&#8217;identit\u00e9s<br \/>\nMontreal, QC, Canada<br \/>\n<a href=\"https:\/\/www.byhaus.ca\" target=\"_blank\" rel=\"noopener\"><strong>www.byhaus.ca<\/strong><\/a><\/p>\n<h3>Hosting<\/h3>\n<p><strong>Funio<\/strong><br \/>\n20 Place du Commerce<br \/>\nVerdun (Qu\u00e9bec) H3E 1Z6, Canada<br \/>\n<a href=\"https:\/\/funio.com\/fr\/\" target=\"_blank\" rel=\"noopener\"> www.funio.com<\/a><\/p>\n<h3>Photographer<\/h3>\n<p><strong>Danny Taillon<br \/>\n<\/strong>Montr\u00e9al (Qu\u00e9bec) Canada<br \/>\n<a href=\"https:\/\/www.instagram.com\/dannytaillon\/\" target=\"_blank\" rel=\"noopener\" data-saferedirecturl=\"https:\/\/www.google.com\/url?hl=fr&amp;q=https:\/\/www.instagram.com\/dannytaillon\/&amp;source=gmail&amp;ust=1537292176485000&amp;usg=AFQjCNHk09cetp7Us_6nKu_VZUd_sQW6xg\">Compte Instagram<\/a><br \/>\n<strong><a href=\"http:\/\/www.dannytaillon.com\/\" target=\"_blank\" rel=\"noopener\" data-saferedirecturl=\"https:\/\/www.google.com\/url?hl=fr&amp;q=http:\/\/www.dannytaillon.com\/&amp;source=gmail&amp;ust=1537292176485000&amp;usg=AFQjCNHs0lMVVa1QYpBkLJ71hWKRI3VBSw\">dannytaillon.com<\/a><\/strong><\/p>\n<p>&nbsp;<\/p>\n","protected":false},"excerpt":{"rendered":"<p>Editor Cin\u00e9ma Moderne 5150, boulevard St-Laurent Montreal, QC, H2T 1R8 Web Design &amp; Consulting Creatank Collaborative Web Agency Montreal, QC, Canada www.creatank.com Conception graphique ByHaus B\u00e2tisseurs d&#8217;identit\u00e9s Montreal, QC, Canada www.byhaus.ca Hosting Funio 20 Place du Commerce Verdun (Qu\u00e9bec) H3E 1Z6, Canada www.funio.com Photographer Danny Taillon Montr\u00e9al (Qu\u00e9bec) Canada Compte Instagram dannytaillon.com &nbsp;<\/p>\n","protected":false},"author":16,"featured_media":0,"parent":0,"menu_order":16,"comment_status":"closed","ping_status":"closed","template":"","meta":{"_acf_changed":false,"footnotes":""},"class_list":["post-219","page","type-page","status-publish","hentry"],"acf":[],"yoast_head":"<!-- This site is optimized with the Yoast SEO plugin v27.3 - https:\/\/yoast.com\/product\/yoast-seo-wordpress\/ -->\n<title>Credits - Cin\u00e9ma Moderne<\/title>\n<meta name=\"robots\" content=\"index, follow, max-snippet:-1, max-image-preview:large, max-video-preview:-1\" \/>\n<link rel=\"canonical\" href=\"https:\/\/www.cinemamoderne.com\/en\/credits\/\" \/>\n<meta property=\"og:locale\" content=\"en_US\" \/>\n<meta property=\"og:type\" content=\"article\" \/>\n<meta property=\"og:title\" content=\"Credits - Cin\u00e9ma Moderne\" \/>\n<meta property=\"og:description\" content=\"Editor Cin\u00e9ma Moderne 5150, boulevard St-Laurent Montreal, QC, H2T 1R8 Web Design &amp; Consulting Creatank Collaborative Web Agency Montreal, QC, Canada www.creatank.com Conception graphique ByHaus B\u00e2tisseurs d&#8217;identit\u00e9s Montreal, QC, Canada www.byhaus.ca Hosting Funio 20 Place du Commerce Verdun (Qu\u00e9bec) H3E 1Z6, Canada www.funio.com Photographer Danny Taillon Montr\u00e9al (Qu\u00e9bec) Canada Compte Instagram dannytaillon.com &nbsp;\" \/>\n<meta property=\"og:url\" content=\"https:\/\/www.cinemamoderne.com\/en\/credits\/\" \/>\n<meta property=\"og:site_name\" content=\"Cin\u00e9ma Moderne\" \/>\n<meta property=\"article:modified_time\" content=\"2018-09-17T18:28:31+00:00\" \/>\n<meta name=\"twitter:card\" content=\"summary_large_image\" \/>\n<script type=\"application\/ld+json\" class=\"yoast-schema-graph\">{\"@context\":\"https:\\\/\\\/schema.org\",\"@graph\":[{\"@type\":\"WebPage\",\"@id\":\"https:\\\/\\\/www.cinemamoderne.com\\\/en\\\/credits\\\/\",\"url\":\"https:\\\/\\\/www.cinemamoderne.com\\\/en\\\/credits\\\/\",\"name\":\"Credits - Cin\u00e9ma Moderne\",\"isPartOf\":{\"@id\":\"https:\\\/\\\/www.cinemamoderne.com\\\/en\\\/#website\"},\"datePublished\":\"2018-04-09T18:34:18+00:00\",\"dateModified\":\"2018-09-17T18:28:31+00:00\",\"breadcrumb\":{\"@id\":\"https:\\\/\\\/www.cinemamoderne.com\\\/en\\\/credits\\\/#breadcrumb\"},\"inLanguage\":\"en-US\",\"potentialAction\":[{\"@type\":\"ReadAction\",\"target\":[\"https:\\\/\\\/www.cinemamoderne.com\\\/en\\\/credits\\\/\"]}]},{\"@type\":\"BreadcrumbList\",\"@id\":\"https:\\\/\\\/www.cinemamoderne.com\\\/en\\\/credits\\\/#breadcrumb\",\"itemListElement\":[{\"@type\":\"ListItem\",\"position\":1,\"name\":\"Accueil\",\"item\":\"https:\\\/\\\/www.cinemamoderne.com\\\/en\\\/\"},{\"@type\":\"ListItem\",\"position\":2,\"name\":\"Credits\"}]},{\"@type\":\"WebSite\",\"@id\":\"https:\\\/\\\/www.cinemamoderne.com\\\/en\\\/#website\",\"url\":\"https:\\\/\\\/www.cinemamoderne.com\\\/en\\\/\",\"name\":\"Cin\u00e9ma Moderne\",\"description\":\"Le Cin\u00e9ma Moderne, salle de cin\u00e9ma situ\u00e9e dans le Mile End \u00e0 Montr\u00e9al qui a pour mission de promouvoir le cin\u00e9ma ind\u00e9pendant d&#039;ici et d&#039;ailleurs.\",\"potentialAction\":[{\"@type\":\"SearchAction\",\"target\":{\"@type\":\"EntryPoint\",\"urlTemplate\":\"https:\\\/\\\/www.cinemamoderne.com\\\/en\\\/?s={search_term_string}\"},\"query-input\":{\"@type\":\"PropertyValueSpecification\",\"valueRequired\":true,\"valueName\":\"search_term_string\"}}],\"inLanguage\":\"en-US\"}]}<\/script>\n<!-- \/ Yoast SEO plugin. -->","yoast_head_json":{"title":"Credits - Cin\u00e9ma Moderne","robots":{"index":"index","follow":"follow","max-snippet":"max-snippet:-1","max-image-preview":"max-image-preview:large","max-video-preview":"max-video-preview:-1"},"canonical":"https:\/\/www.cinemamoderne.com\/en\/credits\/","og_locale":"en_US","og_type":"article","og_title":"Credits - Cin\u00e9ma Moderne","og_description":"Editor Cin\u00e9ma Moderne 5150, boulevard St-Laurent Montreal, QC, H2T 1R8 Web Design &amp; Consulting Creatank Collaborative Web Agency Montreal, QC, Canada www.creatank.com Conception graphique ByHaus B\u00e2tisseurs d&#8217;identit\u00e9s Montreal, QC, Canada www.byhaus.ca Hosting Funio 20 Place du Commerce Verdun (Qu\u00e9bec) H3E 1Z6, Canada www.funio.com Photographer Danny Taillon Montr\u00e9al (Qu\u00e9bec) Canada Compte Instagram dannytaillon.com &nbsp;","og_url":"https:\/\/www.cinemamoderne.com\/en\/credits\/","og_site_name":"Cin\u00e9ma Moderne","article_modified_time":"2018-09-17T18:28:31+00:00","twitter_card":"summary_large_image","schema":{"@context":"https:\/\/schema.org","@graph":[{"@type":"WebPage","@id":"https:\/\/www.cinemamoderne.com\/en\/credits\/","url":"https:\/\/www.cinemamoderne.com\/en\/credits\/","name":"Credits - Cin\u00e9ma Moderne","isPartOf":{"@id":"https:\/\/www.cinemamoderne.com\/en\/#website"},"datePublished":"2018-04-09T18:34:18+00:00","dateModified":"2018-09-17T18:28:31+00:00","breadcrumb":{"@id":"https:\/\/www.cinemamoderne.com\/en\/credits\/#breadcrumb"},"inLanguage":"en-US","potentialAction":[{"@type":"ReadAction","target":["https:\/\/www.cinemamoderne.com\/en\/credits\/"]}]},{"@type":"BreadcrumbList","@id":"https:\/\/www.cinemamoderne.com\/en\/credits\/#breadcrumb","itemListElement":[{"@type":"ListItem","position":1,"name":"Accueil","item":"https:\/\/www.cinemamoderne.com\/en\/"},{"@type":"ListItem","position":2,"name":"Credits"}]},{"@type":"WebSite","@id":"https:\/\/www.cinemamoderne.com\/en\/#website","url":"https:\/\/www.cinemamoderne.com\/en\/","name":"Cin\u00e9ma Moderne","description":"Le Cin\u00e9ma Moderne, salle de cin\u00e9ma situ\u00e9e dans le Mile End \u00e0 Montr\u00e9al qui a pour mission de promouvoir le cin\u00e9ma ind\u00e9pendant d&#039;ici et d&#039;ailleurs.","potentialAction":[{"@type":"SearchAction","target":{"@type":"EntryPoint","urlTemplate":"https:\/\/www.cinemamoderne.com\/en\/?s={search_term_string}"},"query-input":{"@type":"PropertyValueSpecification","valueRequired":true,"valueName":"search_term_string"}}],"inLanguage":"en-US"}]}},"_links":{"self":[{"href":"https:\/\/www.cinemamoderne.com\/en\/wp-json\/wp\/v2\/pages\/219","targetHints":{"allow":["GET"]}}],"collection":[{"href":"https:\/\/www.cinemamoderne.com\/en\/wp-json\/wp\/v2\/pages"}],"about":[{"href":"https:\/\/www.cinemamoderne.com\/en\/wp-json\/wp\/v2\/types\/page"}],"author":[{"embeddable":true,"href":"https:\/\/www.cinemamoderne.com\/en\/wp-json\/wp\/v2\/users\/16"}],"replies":[{"embeddable":true,"href":"https:\/\/www.cinemamoderne.com\/en\/wp-json\/wp\/v2\/comments?post=219"}],"version-history":[{"count":10,"href":"https:\/\/www.cinemamoderne.com\/en\/wp-json\/wp\/v2\/pages\/219\/revisions"}],"predecessor-version":[{"id":1091,"href":"https:\/\/www.cinemamoderne.com\/en\/wp-json\/wp\/v2\/pages\/219\/revisions\/1091"}],"wp:attachment":[{"href":"https:\/\/www.cinemamoderne.com\/en\/wp-json\/wp\/v2\/media?parent=219"}],"curies":[{"name":"wp","href":"https:\/\/api.w.org\/{rel}","templated":true}]}}