{"id":200,"date":"2018-04-09T13:30:57","date_gmt":"2018-04-09T17:30:57","guid":{"rendered":"https:\/\/www.cinemamoderne.com\/?page_id=200"},"modified":"2026-03-19T10:26:41","modified_gmt":"2026-03-19T14:26:41","slug":"about","status":"publish","type":"page","link":"https:\/\/www.cinemamoderne.com\/en\/about\/","title":{"rendered":"About"},"content":{"rendered":"<h4><img loading=\"lazy\" decoding=\"async\" class=\"alignnone size-full wp-image-3682\" src=\"https:\/\/www.cinemamoderne.com\/wp-content\/uploads\/2019\/06\/CinemaModerne.jpg\" alt=\"\" width=\"730\" height=\"487\" srcset=\"https:\/\/www.cinemamoderne.com\/wp-content\/uploads\/2019\/06\/CinemaModerne.jpg 730w, https:\/\/www.cinemamoderne.com\/wp-content\/uploads\/2019\/06\/CinemaModerne-300x200.jpg 300w\" sizes=\"auto, (max-width: 730px) 100vw, 730px\" \/><\/h4>\n<h4><strong>MISSION <\/strong><\/h4>\n<p><span style=\"font-weight: 400;\">Year round, Cin\u00e9ma Moderne offers a unique cinematic experience allowing audiences to enjoy and discover a world of independent cinema in an intimate, warm and vibrant environment, located in the heart of the Mile End. <\/span><\/p>\n<p><span style=\"font-weight: 400;\">A program devoted to promoting diversity and celebrating independent filmmakers, combined with quality screening conditions and the comfort and convenience of a Caf\u00e9-bar, Cin\u00e9ma Moderne presents a space where movie lovers of all stripes can enjoy a rich experience.<\/span><\/p>\n<p><span style=\"font-weight: 400;\">From mainstream movies and niche titles to restored classics and avant-garde genre films, along with everything from animation and shorts, to documentaries and experimental films, Cin\u00e9ma Moderne provides a space where all kinds of films can be watched and celebrated over a cup of coffee or a glass of wine. <\/span><\/p>\n<p><span style=\"font-weight: 400;\">Committed to fostering a sense of community, Cin\u00e9ma Moderne enjoys collaborating with local festivals, universities and organizations involved in the distribution of independent projects, and offers an array of activities and events to enhance the regular screening program. Family events, children\u2019s activities and film workshops are included in our regular programming to unite audiences and ensure there is something for everyone to enjoy.<\/span><\/p>\n<p>&nbsp;<\/p>\n<h4>TEAM<\/h4>\n<p><strong>Alexandre Domingue<\/strong>, President\u00a0Co-Founder<\/p>\n<p><a href=\"mailto: florence@post-moderne.com\"><strong>Florence Julien-Gagnier<\/strong><\/a>, Chief Executive Officer<\/p>\n<p><a href=\"mailto: marie@cinemamoderne.com\"><strong>Marie Perreault<\/strong><\/a>, Cin\u00e9ma Moderne Manager<\/p>\n<p><a href=\"mailto: benjamin@cinemamoderne.com\"><b>Benjamin Pelletier<\/b><\/a><span style=\"font-weight: 400;\">, Programming Manager<\/span><\/p>\n<p><b>Pascal Plante,<\/b><span style=\"font-weight: 400;\"> Associate programmer<\/span><span style=\"font-weight: 400;\"><br \/>\n<\/span><b><\/b><\/p>\n<p><b>Rachel Samson,<\/b><span style=\"font-weight: 400;\"> Associate programmer<\/span><\/p>\n<p>&nbsp;<\/p>\n<p>&nbsp;<\/p>\n<p>&nbsp;<\/p>\n<p>&nbsp;<\/p>\n","protected":false},"excerpt":{"rendered":"<p>MISSION Year round, Cin\u00e9ma Moderne offers a unique cinematic experience allowing audiences to enjoy and discover a world of independent cinema in an intimate, warm and vibrant environment, located in the heart of the Mile End. A program devoted to promoting diversity and celebrating independent filmmakers, combined with quality screening conditions and the comfort and [&hellip;]<\/p>\n","protected":false},"author":16,"featured_media":0,"parent":0,"menu_order":9,"comment_status":"closed","ping_status":"closed","template":"","meta":{"_acf_changed":false,"footnotes":""},"class_list":["post-200","page","type-page","status-publish","hentry"],"acf":[],"yoast_head":"<!-- This site is optimized with the Yoast SEO plugin v27.3 - https:\/\/yoast.com\/product\/yoast-seo-wordpress\/ -->\n<title>About - Cin\u00e9ma Moderne<\/title>\n<meta name=\"description\" content=\"Cin\u00e9ma Moderne offers a unique cinematic experience allowing audiences to enjoy and discover a world of independent cinema, located in the heart of the Mile End.\" \/>\n<meta name=\"robots\" content=\"index, follow, max-snippet:-1, max-image-preview:large, max-video-preview:-1\" \/>\n<link rel=\"canonical\" href=\"https:\/\/www.cinemamoderne.com\/en\/about\/\" \/>\n<meta property=\"og:locale\" content=\"en_US\" \/>\n<meta property=\"og:type\" content=\"article\" \/>\n<meta property=\"og:title\" content=\"About - Cin\u00e9ma Moderne\" \/>\n<meta property=\"og:description\" content=\"Cin\u00e9ma Moderne offers a unique cinematic experience allowing audiences to enjoy and discover a world of independent cinema, located in the heart of the Mile End.\" \/>\n<meta property=\"og:url\" content=\"https:\/\/www.cinemamoderne.com\/en\/about\/\" \/>\n<meta property=\"og:site_name\" content=\"Cin\u00e9ma Moderne\" \/>\n<meta property=\"article:modified_time\" content=\"2026-03-19T14:26:41+00:00\" \/>\n<meta property=\"og:image\" content=\"https:\/\/www.cinemamoderne.com\/wp-content\/uploads\/2019\/06\/CinemaModerne.jpg\" \/>\n\t<meta property=\"og:image:width\" content=\"730\" \/>\n\t<meta property=\"og:image:height\" content=\"487\" \/>\n\t<meta property=\"og:image:type\" content=\"image\/jpeg\" \/>\n<meta name=\"twitter:card\" content=\"summary_large_image\" \/>\n<meta name=\"twitter:label1\" content=\"Est. reading time\" \/>\n\t<meta name=\"twitter:data1\" content=\"2 minutes\" \/>\n<script type=\"application\/ld+json\" class=\"yoast-schema-graph\">{\"@context\":\"https:\\\/\\\/schema.org\",\"@graph\":[{\"@type\":\"WebPage\",\"@id\":\"https:\\\/\\\/www.cinemamoderne.com\\\/en\\\/about\\\/\",\"url\":\"https:\\\/\\\/www.cinemamoderne.com\\\/en\\\/about\\\/\",\"name\":\"About - Cin\u00e9ma Moderne\",\"isPartOf\":{\"@id\":\"https:\\\/\\\/www.cinemamoderne.com\\\/en\\\/#website\"},\"primaryImageOfPage\":{\"@id\":\"https:\\\/\\\/www.cinemamoderne.com\\\/en\\\/about\\\/#primaryimage\"},\"image\":{\"@id\":\"https:\\\/\\\/www.cinemamoderne.com\\\/en\\\/about\\\/#primaryimage\"},\"thumbnailUrl\":\"https:\\\/\\\/www.cinemamoderne.com\\\/wp-content\\\/uploads\\\/2019\\\/06\\\/CinemaModerne.jpg\",\"datePublished\":\"2018-04-09T17:30:57+00:00\",\"dateModified\":\"2026-03-19T14:26:41+00:00\",\"description\":\"Cin\u00e9ma Moderne offers a unique cinematic experience allowing audiences to enjoy and discover a world of independent cinema, located in the heart of the Mile End.\",\"breadcrumb\":{\"@id\":\"https:\\\/\\\/www.cinemamoderne.com\\\/en\\\/about\\\/#breadcrumb\"},\"inLanguage\":\"en-US\",\"potentialAction\":[{\"@type\":\"ReadAction\",\"target\":[\"https:\\\/\\\/www.cinemamoderne.com\\\/en\\\/about\\\/\"]}]},{\"@type\":\"ImageObject\",\"inLanguage\":\"en-US\",\"@id\":\"https:\\\/\\\/www.cinemamoderne.com\\\/en\\\/about\\\/#primaryimage\",\"url\":\"https:\\\/\\\/www.cinemamoderne.com\\\/wp-content\\\/uploads\\\/2019\\\/06\\\/CinemaModerne.jpg\",\"contentUrl\":\"https:\\\/\\\/www.cinemamoderne.com\\\/wp-content\\\/uploads\\\/2019\\\/06\\\/CinemaModerne.jpg\"},{\"@type\":\"BreadcrumbList\",\"@id\":\"https:\\\/\\\/www.cinemamoderne.com\\\/en\\\/about\\\/#breadcrumb\",\"itemListElement\":[{\"@type\":\"ListItem\",\"position\":1,\"name\":\"Accueil\",\"item\":\"https:\\\/\\\/www.cinemamoderne.com\\\/en\\\/\"},{\"@type\":\"ListItem\",\"position\":2,\"name\":\"About\"}]},{\"@type\":\"WebSite\",\"@id\":\"https:\\\/\\\/www.cinemamoderne.com\\\/en\\\/#website\",\"url\":\"https:\\\/\\\/www.cinemamoderne.com\\\/en\\\/\",\"name\":\"Cin\u00e9ma Moderne\",\"description\":\"Le Cin\u00e9ma Moderne, salle de cin\u00e9ma situ\u00e9e dans le Mile End \u00e0 Montr\u00e9al qui a pour mission de promouvoir le cin\u00e9ma ind\u00e9pendant d&#039;ici et d&#039;ailleurs.\",\"potentialAction\":[{\"@type\":\"SearchAction\",\"target\":{\"@type\":\"EntryPoint\",\"urlTemplate\":\"https:\\\/\\\/www.cinemamoderne.com\\\/en\\\/?s={search_term_string}\"},\"query-input\":{\"@type\":\"PropertyValueSpecification\",\"valueRequired\":true,\"valueName\":\"search_term_string\"}}],\"inLanguage\":\"en-US\"}]}<\/script>\n<!-- \/ Yoast SEO plugin. -->","yoast_head_json":{"title":"About - Cin\u00e9ma Moderne","description":"Cin\u00e9ma Moderne offers a unique cinematic experience allowing audiences to enjoy and discover a world of independent cinema, located in the heart of the Mile End.","robots":{"index":"index","follow":"follow","max-snippet":"max-snippet:-1","max-image-preview":"max-image-preview:large","max-video-preview":"max-video-preview:-1"},"canonical":"https:\/\/www.cinemamoderne.com\/en\/about\/","og_locale":"en_US","og_type":"article","og_title":"About - Cin\u00e9ma Moderne","og_description":"Cin\u00e9ma Moderne offers a unique cinematic experience allowing audiences to enjoy and discover a world of independent cinema, located in the heart of the Mile End.","og_url":"https:\/\/www.cinemamoderne.com\/en\/about\/","og_site_name":"Cin\u00e9ma Moderne","article_modified_time":"2026-03-19T14:26:41+00:00","og_image":[{"width":730,"height":487,"url":"https:\/\/www.cinemamoderne.com\/wp-content\/uploads\/2019\/06\/CinemaModerne.jpg","type":"image\/jpeg"}],"twitter_card":"summary_large_image","twitter_misc":{"Est. reading time":"2 minutes"},"schema":{"@context":"https:\/\/schema.org","@graph":[{"@type":"WebPage","@id":"https:\/\/www.cinemamoderne.com\/en\/about\/","url":"https:\/\/www.cinemamoderne.com\/en\/about\/","name":"About - Cin\u00e9ma Moderne","isPartOf":{"@id":"https:\/\/www.cinemamoderne.com\/en\/#website"},"primaryImageOfPage":{"@id":"https:\/\/www.cinemamoderne.com\/en\/about\/#primaryimage"},"image":{"@id":"https:\/\/www.cinemamoderne.com\/en\/about\/#primaryimage"},"thumbnailUrl":"https:\/\/www.cinemamoderne.com\/wp-content\/uploads\/2019\/06\/CinemaModerne.jpg","datePublished":"2018-04-09T17:30:57+00:00","dateModified":"2026-03-19T14:26:41+00:00","description":"Cin\u00e9ma Moderne offers a unique cinematic experience allowing audiences to enjoy and discover a world of independent cinema, located in the heart of the Mile End.","breadcrumb":{"@id":"https:\/\/www.cinemamoderne.com\/en\/about\/#breadcrumb"},"inLanguage":"en-US","potentialAction":[{"@type":"ReadAction","target":["https:\/\/www.cinemamoderne.com\/en\/about\/"]}]},{"@type":"ImageObject","inLanguage":"en-US","@id":"https:\/\/www.cinemamoderne.com\/en\/about\/#primaryimage","url":"https:\/\/www.cinemamoderne.com\/wp-content\/uploads\/2019\/06\/CinemaModerne.jpg","contentUrl":"https:\/\/www.cinemamoderne.com\/wp-content\/uploads\/2019\/06\/CinemaModerne.jpg"},{"@type":"BreadcrumbList","@id":"https:\/\/www.cinemamoderne.com\/en\/about\/#breadcrumb","itemListElement":[{"@type":"ListItem","position":1,"name":"Accueil","item":"https:\/\/www.cinemamoderne.com\/en\/"},{"@type":"ListItem","position":2,"name":"About"}]},{"@type":"WebSite","@id":"https:\/\/www.cinemamoderne.com\/en\/#website","url":"https:\/\/www.cinemamoderne.com\/en\/","name":"Cin\u00e9ma Moderne","description":"Le Cin\u00e9ma Moderne, salle de cin\u00e9ma situ\u00e9e dans le Mile End \u00e0 Montr\u00e9al qui a pour mission de promouvoir le cin\u00e9ma ind\u00e9pendant d&#039;ici et d&#039;ailleurs.","potentialAction":[{"@type":"SearchAction","target":{"@type":"EntryPoint","urlTemplate":"https:\/\/www.cinemamoderne.com\/en\/?s={search_term_string}"},"query-input":{"@type":"PropertyValueSpecification","valueRequired":true,"valueName":"search_term_string"}}],"inLanguage":"en-US"}]}},"_links":{"self":[{"href":"https:\/\/www.cinemamoderne.com\/en\/wp-json\/wp\/v2\/pages\/200","targetHints":{"allow":["GET"]}}],"collection":[{"href":"https:\/\/www.cinemamoderne.com\/en\/wp-json\/wp\/v2\/pages"}],"about":[{"href":"https:\/\/www.cinemamoderne.com\/en\/wp-json\/wp\/v2\/types\/page"}],"author":[{"embeddable":true,"href":"https:\/\/www.cinemamoderne.com\/en\/wp-json\/wp\/v2\/users\/16"}],"replies":[{"embeddable":true,"href":"https:\/\/www.cinemamoderne.com\/en\/wp-json\/wp\/v2\/comments?post=200"}],"version-history":[{"count":68,"href":"https:\/\/www.cinemamoderne.com\/en\/wp-json\/wp\/v2\/pages\/200\/revisions"}],"predecessor-version":[{"id":26261,"href":"https:\/\/www.cinemamoderne.com\/en\/wp-json\/wp\/v2\/pages\/200\/revisions\/26261"}],"wp:attachment":[{"href":"https:\/\/www.cinemamoderne.com\/en\/wp-json\/wp\/v2\/media?parent=200"}],"curies":[{"name":"wp","href":"https:\/\/api.w.org\/{rel}","templated":true}]}}