{"id":198,"date":"2018-04-09T13:32:27","date_gmt":"2018-04-09T17:32:27","guid":{"rendered":"https:\/\/www.cinemamoderne.com\/?page_id=198"},"modified":"2022-11-03T15:51:26","modified_gmt":"2022-11-03T19:51:26","slug":"cafe-bar-2","status":"publish","type":"page","link":"https:\/\/www.cinemamoderne.com\/en\/cafe-bar-2\/","title":{"rendered":"Caf\u00e9-Bar &#038; Terrace"},"content":{"rendered":"<p><img loading=\"lazy\" decoding=\"async\" class=\"wp-image-13383 aligncenter\" src=\"https:\/\/www.cinemamoderne.com\/wp-content\/uploads\/2021\/07\/Cafe\u0301-Bar_Biere-300x164.png\" alt=\"\" width=\"885\" height=\"484\" srcset=\"https:\/\/www.cinemamoderne.com\/wp-content\/uploads\/2021\/07\/Cafe\u0301-Bar_Biere-300x164.png 300w, https:\/\/www.cinemamoderne.com\/wp-content\/uploads\/2021\/07\/Cafe\u0301-Bar_Biere.png 730w\" sizes=\"auto, (max-width: 885px) 100vw, 885px\" \/><\/p>\r\n<h2 style=\"text-align: center;\"><a href=\"https:\/\/app.madladle.com\/cinemamoderne?fbclid=IwAR2eOqd4Rw6kz5MV9MStPsim_Rg_qtbTdwBScL8U_LtY3lT47TW-HZqUTd0\">MENU CAF\u00c9-BAR<\/a><\/h2>\r\n<p style=\"text-align: left;\"><strong>BEER, WINE &amp; COFFEE<\/strong><br \/>Come have a drink at the caf\u00e9-bar Moderne and discover our selection of wine, beer, coffee and kombucha!\u00a0<\/p>\r\n<p style=\"text-align: left;\"><a href=\"https:\/\/app.madladle.com\/cinemamoderne?fbclid=IwAR2eOqd4Rw6kz5MV9MStPsim_Rg_qtbTdwBScL8U_LtY3lT47TW-HZqUTd0\">Click here to see our full menu<\/a><br \/><br \/>It is always permitted to drink and eat the products offered at our caf\u00e9-bar in all of our spaces (indoors and outdoors) which include: the projection room, the caf\u00e9-bar, and the terrasse!\u00a0<br \/><br \/><strong><br \/><\/strong><\/p>\r\n<p style=\"text-align: left;\">Note that you can also reserve the Caf\u00e9 Bar, for more information, visit our <a href=\"https:\/\/www.cinemamoderne.com\/en\/rental\/\" target=\"_blank\" rel=\"noopener noreferrer\">rental page<\/a> or write to location@cinemamoderne.com See you soon!<br \/><br \/><img loading=\"lazy\" decoding=\"async\" class=\"wp-image-13575 aligncenter\" src=\"https:\/\/www.cinemamoderne.com\/wp-content\/uploads\/2021\/07\/mlarge-cinema-moderne-1-300x169.jpeg\" alt=\"\" width=\"882\" height=\"497\" srcset=\"https:\/\/www.cinemamoderne.com\/wp-content\/uploads\/2021\/07\/mlarge-cinema-moderne-1-300x169.jpeg 300w, https:\/\/www.cinemamoderne.com\/wp-content\/uploads\/2021\/07\/mlarge-cinema-moderne-1-730x411.jpeg 730w, https:\/\/www.cinemamoderne.com\/wp-content\/uploads\/2021\/07\/mlarge-cinema-moderne-1-768x432.jpeg 768w, https:\/\/www.cinemamoderne.com\/wp-content\/uploads\/2021\/07\/mlarge-cinema-moderne-1.jpeg 960w\" sizes=\"auto, (max-width: 882px) 100vw, 882px\" \/><br \/><img loading=\"lazy\" decoding=\"async\" class=\"wp-image-13392 aligncenter\" src=\"https:\/\/www.cinemamoderne.com\/wp-content\/uploads\/2021\/07\/Cafe\u0301-Bar-300x200.jpeg\" alt=\"\" width=\"885\" height=\"590\" srcset=\"https:\/\/www.cinemamoderne.com\/wp-content\/uploads\/2021\/07\/Cafe\u0301-Bar-300x200.jpeg 300w, https:\/\/www.cinemamoderne.com\/wp-content\/uploads\/2021\/07\/Cafe\u0301-Bar-730x488.jpeg 730w, https:\/\/www.cinemamoderne.com\/wp-content\/uploads\/2021\/07\/Cafe\u0301-Bar-768x513.jpeg 768w, https:\/\/www.cinemamoderne.com\/wp-content\/uploads\/2021\/07\/Cafe\u0301-Bar.jpeg 1024w\" sizes=\"auto, (max-width: 885px) 100vw, 885px\" \/><br \/><img loading=\"lazy\" decoding=\"async\" class=\"wp-image-13403 aligncenter\" src=\"https:\/\/www.cinemamoderne.com\/wp-content\/uploads\/2021\/07\/Cinema_Moderne_Terasse_Credit_Danny_Taillon-1-300x150.jpeg\" alt=\"\" width=\"884\" height=\"442\" srcset=\"https:\/\/www.cinemamoderne.com\/wp-content\/uploads\/2021\/07\/Cinema_Moderne_Terasse_Credit_Danny_Taillon-1-300x150.jpeg 300w, https:\/\/www.cinemamoderne.com\/wp-content\/uploads\/2021\/07\/Cinema_Moderne_Terasse_Credit_Danny_Taillon-1-730x365.jpeg 730w, https:\/\/www.cinemamoderne.com\/wp-content\/uploads\/2021\/07\/Cinema_Moderne_Terasse_Credit_Danny_Taillon-1-768x384.jpeg 768w, https:\/\/www.cinemamoderne.com\/wp-content\/uploads\/2021\/07\/Cinema_Moderne_Terasse_Credit_Danny_Taillon-1-1536x768.jpeg 1536w, https:\/\/www.cinemamoderne.com\/wp-content\/uploads\/2021\/07\/Cinema_Moderne_Terasse_Credit_Danny_Taillon-1.jpeg 2000w\" sizes=\"auto, (max-width: 884px) 100vw, 884px\" \/><\/p>\r\n\r\n\r\n","protected":false},"excerpt":{"rendered":"<p>MENU CAF\u00c9-BAR BEER, WINE &amp; COFFEECome have a drink at the caf\u00e9-bar Moderne and discover our selection of wine, beer, coffee and kombucha!\u00a0 Click here to see our full menu It is always permitted to drink and eat the products offered at our caf\u00e9-bar in all of our spaces (indoors and outdoors) which include: the [&hellip;]<\/p>\n","protected":false},"author":16,"featured_media":13383,"parent":0,"menu_order":6,"comment_status":"closed","ping_status":"closed","template":"","meta":{"_acf_changed":false,"footnotes":""},"class_list":["post-198","page","type-page","status-publish","has-post-thumbnail","hentry"],"acf":[],"yoast_head":"<!-- This site is optimized with the Yoast SEO plugin v27.3 - https:\/\/yoast.com\/product\/yoast-seo-wordpress\/ -->\n<title>Caf\u00e9-Bar &amp; Terrace - Cin\u00e9ma Moderne<\/title>\n<meta name=\"robots\" content=\"index, follow, max-snippet:-1, max-image-preview:large, max-video-preview:-1\" \/>\n<link rel=\"canonical\" href=\"https:\/\/www.cinemamoderne.com\/en\/cafe-bar-2\/\" \/>\n<meta property=\"og:locale\" content=\"en_US\" \/>\n<meta property=\"og:type\" content=\"article\" \/>\n<meta property=\"og:title\" content=\"Caf\u00e9-Bar &amp; Terrace - Cin\u00e9ma Moderne\" \/>\n<meta property=\"og:description\" content=\"MENU CAF\u00c9-BAR BEER, WINE &amp; COFFEECome have a drink at the caf\u00e9-bar Moderne and discover our selection of wine, beer, coffee and kombucha!\u00a0 Click here to see our full menu It is always permitted to drink and eat the products offered at our caf\u00e9-bar in all of our spaces (indoors and outdoors) which include: the [&hellip;]\" \/>\n<meta property=\"og:url\" content=\"https:\/\/www.cinemamoderne.com\/en\/cafe-bar-2\/\" \/>\n<meta property=\"og:site_name\" content=\"Cin\u00e9ma Moderne\" \/>\n<meta property=\"article:modified_time\" content=\"2022-11-03T19:51:26+00:00\" \/>\n<meta property=\"og:image\" content=\"https:\/\/www.cinemamoderne.com\/wp-content\/uploads\/2021\/07\/Cafe\u0301-Bar_Biere.png\" \/>\n\t<meta property=\"og:image:width\" content=\"730\" \/>\n\t<meta property=\"og:image:height\" content=\"400\" \/>\n\t<meta property=\"og:image:type\" content=\"image\/png\" \/>\n<meta name=\"twitter:card\" content=\"summary_large_image\" \/>\n<meta name=\"twitter:label1\" content=\"Est. reading time\" \/>\n\t<meta name=\"twitter:data1\" content=\"2 minutes\" \/>\n<script type=\"application\/ld+json\" class=\"yoast-schema-graph\">{\"@context\":\"https:\\\/\\\/schema.org\",\"@graph\":[{\"@type\":\"WebPage\",\"@id\":\"https:\\\/\\\/www.cinemamoderne.com\\\/en\\\/cafe-bar-2\\\/\",\"url\":\"https:\\\/\\\/www.cinemamoderne.com\\\/en\\\/cafe-bar-2\\\/\",\"name\":\"Caf\u00e9-Bar & Terrace - Cin\u00e9ma Moderne\",\"isPartOf\":{\"@id\":\"https:\\\/\\\/www.cinemamoderne.com\\\/en\\\/#website\"},\"primaryImageOfPage\":{\"@id\":\"https:\\\/\\\/www.cinemamoderne.com\\\/en\\\/cafe-bar-2\\\/#primaryimage\"},\"image\":{\"@id\":\"https:\\\/\\\/www.cinemamoderne.com\\\/en\\\/cafe-bar-2\\\/#primaryimage\"},\"thumbnailUrl\":\"https:\\\/\\\/www.cinemamoderne.com\\\/wp-content\\\/uploads\\\/2021\\\/07\\\/Cafe\u0301-Bar_Biere.png\",\"datePublished\":\"2018-04-09T17:32:27+00:00\",\"dateModified\":\"2022-11-03T19:51:26+00:00\",\"breadcrumb\":{\"@id\":\"https:\\\/\\\/www.cinemamoderne.com\\\/en\\\/cafe-bar-2\\\/#breadcrumb\"},\"inLanguage\":\"en-US\",\"potentialAction\":[{\"@type\":\"ReadAction\",\"target\":[\"https:\\\/\\\/www.cinemamoderne.com\\\/en\\\/cafe-bar-2\\\/\"]}]},{\"@type\":\"ImageObject\",\"inLanguage\":\"en-US\",\"@id\":\"https:\\\/\\\/www.cinemamoderne.com\\\/en\\\/cafe-bar-2\\\/#primaryimage\",\"url\":\"https:\\\/\\\/www.cinemamoderne.com\\\/wp-content\\\/uploads\\\/2021\\\/07\\\/Cafe\u0301-Bar_Biere.png\",\"contentUrl\":\"https:\\\/\\\/www.cinemamoderne.com\\\/wp-content\\\/uploads\\\/2021\\\/07\\\/Cafe\u0301-Bar_Biere.png\",\"width\":730,\"height\":400},{\"@type\":\"BreadcrumbList\",\"@id\":\"https:\\\/\\\/www.cinemamoderne.com\\\/en\\\/cafe-bar-2\\\/#breadcrumb\",\"itemListElement\":[{\"@type\":\"ListItem\",\"position\":1,\"name\":\"Accueil\",\"item\":\"https:\\\/\\\/www.cinemamoderne.com\\\/en\\\/\"},{\"@type\":\"ListItem\",\"position\":2,\"name\":\"Caf\u00e9-Bar &#038; Terrace\"}]},{\"@type\":\"WebSite\",\"@id\":\"https:\\\/\\\/www.cinemamoderne.com\\\/en\\\/#website\",\"url\":\"https:\\\/\\\/www.cinemamoderne.com\\\/en\\\/\",\"name\":\"Cin\u00e9ma Moderne\",\"description\":\"Le Cin\u00e9ma Moderne, salle de cin\u00e9ma situ\u00e9e dans le Mile End \u00e0 Montr\u00e9al qui a pour mission de promouvoir le cin\u00e9ma ind\u00e9pendant d&#039;ici et d&#039;ailleurs.\",\"potentialAction\":[{\"@type\":\"SearchAction\",\"target\":{\"@type\":\"EntryPoint\",\"urlTemplate\":\"https:\\\/\\\/www.cinemamoderne.com\\\/en\\\/?s={search_term_string}\"},\"query-input\":{\"@type\":\"PropertyValueSpecification\",\"valueRequired\":true,\"valueName\":\"search_term_string\"}}],\"inLanguage\":\"en-US\"}]}<\/script>\n<!-- \/ Yoast SEO plugin. -->","yoast_head_json":{"title":"Caf\u00e9-Bar & Terrace - Cin\u00e9ma Moderne","robots":{"index":"index","follow":"follow","max-snippet":"max-snippet:-1","max-image-preview":"max-image-preview:large","max-video-preview":"max-video-preview:-1"},"canonical":"https:\/\/www.cinemamoderne.com\/en\/cafe-bar-2\/","og_locale":"en_US","og_type":"article","og_title":"Caf\u00e9-Bar & Terrace - Cin\u00e9ma Moderne","og_description":"MENU CAF\u00c9-BAR BEER, WINE &amp; COFFEECome have a drink at the caf\u00e9-bar Moderne and discover our selection of wine, beer, coffee and kombucha!\u00a0 Click here to see our full menu It is always permitted to drink and eat the products offered at our caf\u00e9-bar in all of our spaces (indoors and outdoors) which include: the [&hellip;]","og_url":"https:\/\/www.cinemamoderne.com\/en\/cafe-bar-2\/","og_site_name":"Cin\u00e9ma Moderne","article_modified_time":"2022-11-03T19:51:26+00:00","og_image":[{"width":730,"height":400,"url":"https:\/\/www.cinemamoderne.com\/wp-content\/uploads\/2021\/07\/Cafe\u0301-Bar_Biere.png","type":"image\/png"}],"twitter_card":"summary_large_image","twitter_misc":{"Est. reading time":"2 minutes"},"schema":{"@context":"https:\/\/schema.org","@graph":[{"@type":"WebPage","@id":"https:\/\/www.cinemamoderne.com\/en\/cafe-bar-2\/","url":"https:\/\/www.cinemamoderne.com\/en\/cafe-bar-2\/","name":"Caf\u00e9-Bar & Terrace - Cin\u00e9ma Moderne","isPartOf":{"@id":"https:\/\/www.cinemamoderne.com\/en\/#website"},"primaryImageOfPage":{"@id":"https:\/\/www.cinemamoderne.com\/en\/cafe-bar-2\/#primaryimage"},"image":{"@id":"https:\/\/www.cinemamoderne.com\/en\/cafe-bar-2\/#primaryimage"},"thumbnailUrl":"https:\/\/www.cinemamoderne.com\/wp-content\/uploads\/2021\/07\/Cafe\u0301-Bar_Biere.png","datePublished":"2018-04-09T17:32:27+00:00","dateModified":"2022-11-03T19:51:26+00:00","breadcrumb":{"@id":"https:\/\/www.cinemamoderne.com\/en\/cafe-bar-2\/#breadcrumb"},"inLanguage":"en-US","potentialAction":[{"@type":"ReadAction","target":["https:\/\/www.cinemamoderne.com\/en\/cafe-bar-2\/"]}]},{"@type":"ImageObject","inLanguage":"en-US","@id":"https:\/\/www.cinemamoderne.com\/en\/cafe-bar-2\/#primaryimage","url":"https:\/\/www.cinemamoderne.com\/wp-content\/uploads\/2021\/07\/Cafe\u0301-Bar_Biere.png","contentUrl":"https:\/\/www.cinemamoderne.com\/wp-content\/uploads\/2021\/07\/Cafe\u0301-Bar_Biere.png","width":730,"height":400},{"@type":"BreadcrumbList","@id":"https:\/\/www.cinemamoderne.com\/en\/cafe-bar-2\/#breadcrumb","itemListElement":[{"@type":"ListItem","position":1,"name":"Accueil","item":"https:\/\/www.cinemamoderne.com\/en\/"},{"@type":"ListItem","position":2,"name":"Caf\u00e9-Bar &#038; Terrace"}]},{"@type":"WebSite","@id":"https:\/\/www.cinemamoderne.com\/en\/#website","url":"https:\/\/www.cinemamoderne.com\/en\/","name":"Cin\u00e9ma Moderne","description":"Le Cin\u00e9ma Moderne, salle de cin\u00e9ma situ\u00e9e dans le Mile End \u00e0 Montr\u00e9al qui a pour mission de promouvoir le cin\u00e9ma ind\u00e9pendant d&#039;ici et d&#039;ailleurs.","potentialAction":[{"@type":"SearchAction","target":{"@type":"EntryPoint","urlTemplate":"https:\/\/www.cinemamoderne.com\/en\/?s={search_term_string}"},"query-input":{"@type":"PropertyValueSpecification","valueRequired":true,"valueName":"search_term_string"}}],"inLanguage":"en-US"}]}},"_links":{"self":[{"href":"https:\/\/www.cinemamoderne.com\/en\/wp-json\/wp\/v2\/pages\/198","targetHints":{"allow":["GET"]}}],"collection":[{"href":"https:\/\/www.cinemamoderne.com\/en\/wp-json\/wp\/v2\/pages"}],"about":[{"href":"https:\/\/www.cinemamoderne.com\/en\/wp-json\/wp\/v2\/types\/page"}],"author":[{"embeddable":true,"href":"https:\/\/www.cinemamoderne.com\/en\/wp-json\/wp\/v2\/users\/16"}],"replies":[{"embeddable":true,"href":"https:\/\/www.cinemamoderne.com\/en\/wp-json\/wp\/v2\/comments?post=198"}],"version-history":[{"count":53,"href":"https:\/\/www.cinemamoderne.com\/en\/wp-json\/wp\/v2\/pages\/198\/revisions"}],"predecessor-version":[{"id":17131,"href":"https:\/\/www.cinemamoderne.com\/en\/wp-json\/wp\/v2\/pages\/198\/revisions\/17131"}],"wp:featuredmedia":[{"embeddable":true,"href":"https:\/\/www.cinemamoderne.com\/en\/wp-json\/wp\/v2\/media\/13383"}],"wp:attachment":[{"href":"https:\/\/www.cinemamoderne.com\/en\/wp-json\/wp\/v2\/media?parent=198"}],"curies":[{"name":"wp","href":"https:\/\/api.w.org\/{rel}","templated":true}]}}